{"id":8336,"date":"2022-01-14T09:56:24","date_gmt":"2022-01-14T07:56:24","guid":{"rendered":"https:\/\/www.lilux.dominocom.lu\/guthaben-kaufen\/"},"modified":"2022-07-19T11:31:05","modified_gmt":"2022-07-19T09:31:05","slug":"guthaben-kaufen","status":"publish","type":"page","link":"https:\/\/www.machiweb.dominocom.lu\/de\/guthaben-kaufen\/","title":{"rendered":"Guthaben kaufen"},"content":{"rendered":"\t\t<div data-elementor-type=\"wp-page\" data-elementor-id=\"8336\" class=\"elementor elementor-8336 elementor-2409\" data-elementor-post-type=\"page\">\n\t\t\t\t\t\t<section class=\"elementor-section elementor-top-section elementor-element elementor-element-8b54f57 elementor-section-boxed elementor-section-height-default elementor-section-height-default\" data-id=\"8b54f57\" data-element_type=\"section\">\n\t\t\t\t\t\t<div class=\"elementor-container elementor-column-gap-default\">\n\t\t\t\t\t<div class=\"elementor-column elementor-col-100 elementor-top-column elementor-element elementor-element-625d6b3\" data-id=\"625d6b3\" data-element_type=\"column\" data-settings=\"{&quot;background_background&quot;:&quot;classic&quot;}\">\n\t\t\t<div class=\"elementor-widget-wrap elementor-element-populated\">\n\t\t\t\t\t<div class=\"elementor-background-overlay\"><\/div>\n\t\t\t\t\t\t<div class=\"elementor-element elementor-element-da72988 elementor-widget elementor-widget-heading\" data-id=\"da72988\" data-element_type=\"widget\" data-widget_type=\"heading.default\">\n\t\t\t\t<div class=\"elementor-widget-container\">\n\t\t\t<h2 class=\"elementor-heading-title elementor-size-default\">Mein Profil verwalten<\/h2>\t\t<\/div>\n\t\t\t\t<\/div>\n\t\t\t\t\t<\/div>\n\t\t<\/div>\n\t\t\t\t\t<\/div>\n\t\t<\/section>\n\t\t\t\t<section class=\"elementor-section elementor-top-section elementor-element elementor-element-163ea3e1 elementor-section-boxed elementor-section-height-default elementor-section-height-default\" data-id=\"163ea3e1\" data-element_type=\"section\">\n\t\t\t\t\t\t<div class=\"elementor-container elementor-column-gap-default\">\n\t\t\t\t\t<div class=\"elementor-column elementor-col-100 elementor-top-column elementor-element elementor-element-67b8008c\" data-id=\"67b8008c\" data-element_type=\"column\">\n\t\t\t<div class=\"elementor-widget-wrap elementor-element-populated\">\n\t\t\t\t\t\t<div class=\"elementor-element elementor-element-cfac01c e-my-account-tabs-horizontal elementor-widget elementor-widget-woocommerce-my-account\" data-id=\"cfac01c\" data-element_type=\"widget\" data-widget_type=\"woocommerce-my-account.default\">\n\t\t\t\t<div class=\"elementor-widget-container\">\n\t\t\t<div class=\"e-my-account-tab e-my-account-tab__ \">\t\t\t<div class=\"woocommerce\"><\/div>\t\t<\/div>\n\t\t\t\t<\/div>\n\t\t\t\t<\/div>\n\t\t\t\t\t<\/div>\n\t\t<\/div>\n\t\t\t\t\t<\/div>\n\t\t<\/section>\n\t\t\t\t<\/div>\n\t\t","protected":false},"excerpt":{"rendered":"<p>Mein Profil verwalten Guthaben kaufen Auftr\u00e4ge Downloads Adressen Kontodetails Ausloggen Guthaben kaufen Auftr\u00e4ge Downloads Adressen Kontodetails Ausloggen Guthaben kaufen Auftr\u00e4ge Downloads Adressen Kontodetails Ausloggen Guthaben kaufen Auftr\u00e4ge Downloads Adressen Kontodetails Ausloggen Guthaben kaufen Auftr\u00e4ge Downloads Adressen Kontodetails Ausloggen Guthaben kaufen Auftr\u00e4ge Downloads Adressen Kontodetails Ausloggen Bonjour JM (vous n\u2019\u00eates pas JM\u00a0? D\u00e9connexion) \u00c0 partir du &hellip;<\/p>\n<p class=\"read-more\"> <a class=\"\" href=\"https:\/\/www.machiweb.dominocom.lu\/de\/guthaben-kaufen\/\"> <span class=\"screen-reader-text\">Guthaben kaufen<\/span> Weiterlesen &raquo;<\/a><\/p>\n","protected":false},"author":1,"featured_media":4681,"parent":0,"menu_order":0,"comment_status":"closed","ping_status":"closed","template":"elementor_header_footer","meta":{"site-sidebar-layout":"no-sidebar","site-content-layout":"page-builder","ast-site-content-layout":"","site-content-style":"default","site-sidebar-style":"default","ast-global-header-display":"","ast-banner-title-visibility":"","ast-main-header-display":"","ast-hfb-above-header-display":"","ast-hfb-below-header-display":"","ast-hfb-mobile-header-display":"","site-post-title":"","ast-breadcrumbs-content":"","ast-featured-img":"","footer-sml-layout":"","theme-transparent-header-meta":"default","adv-header-id-meta":"","stick-header-meta":"","header-above-stick-meta":"","header-main-stick-meta":"","header-below-stick-meta":"","astra-migrate-meta-layouts":"","footnotes":""},"acf":[],"yoast_head":"<!-- This site is optimized with the Yoast SEO plugin v21.4 - https:\/\/yoast.com\/wordpress\/plugins\/seo\/ -->\n<title>Guthaben kaufen - MachiWeb<\/title>\n<meta name=\"robots\" content=\"noindex, follow, max-snippet:-1, max-image-preview:large, max-video-preview:-1\" \/>\n<meta property=\"og:locale\" content=\"de_DE\" \/>\n<meta property=\"og:type\" content=\"article\" \/>\n<meta property=\"og:title\" content=\"Guthaben kaufen - MachiWeb\" \/>\n<meta property=\"og:description\" content=\"Mein Profil verwalten Guthaben kaufen Auftr\u00e4ge Downloads Adressen Kontodetails Ausloggen Guthaben kaufen Auftr\u00e4ge Downloads Adressen Kontodetails Ausloggen Guthaben kaufen Auftr\u00e4ge Downloads Adressen Kontodetails Ausloggen Guthaben kaufen Auftr\u00e4ge Downloads Adressen Kontodetails Ausloggen Guthaben kaufen Auftr\u00e4ge Downloads Adressen Kontodetails Ausloggen Guthaben kaufen Auftr\u00e4ge Downloads Adressen Kontodetails Ausloggen Bonjour JM (vous n\u2019\u00eates pas JM\u00a0? D\u00e9connexion) \u00c0 partir du &hellip; Guthaben kaufen Weiterlesen &raquo;\" \/>\n<meta property=\"og:url\" content=\"https:\/\/www.machiweb.dominocom.lu\/de\/guthaben-kaufen\/\" \/>\n<meta property=\"og:site_name\" content=\"MachiWeb\" \/>\n<meta property=\"article:modified_time\" content=\"2022-07-19T09:31:05+00:00\" \/>\n<meta name=\"twitter:card\" content=\"summary_large_image\" \/>\n<meta name=\"twitter:label1\" content=\"Gesch\u00e4tzte Lesezeit\" \/>\n\t<meta name=\"twitter:data1\" content=\"1\u00a0Minute\" \/>\n<script type=\"application\/ld+json\" class=\"yoast-schema-graph\">{\"@context\":\"https:\/\/schema.org\",\"@graph\":[{\"@type\":\"WebPage\",\"@id\":\"https:\/\/www.machiweb.dominocom.lu\/de\/guthaben-kaufen\/\",\"url\":\"https:\/\/www.machiweb.dominocom.lu\/de\/guthaben-kaufen\/\",\"name\":\"Guthaben kaufen - MachiWeb\",\"isPartOf\":{\"@id\":\"https:\/\/www.machiweb.dominocom.lu\/de\/#website\"},\"datePublished\":\"2022-01-14T07:56:24+00:00\",\"dateModified\":\"2022-07-19T09:31:05+00:00\",\"breadcrumb\":{\"@id\":\"https:\/\/www.machiweb.dominocom.lu\/de\/guthaben-kaufen\/#breadcrumb\"},\"inLanguage\":\"de\",\"potentialAction\":[{\"@type\":\"ReadAction\",\"target\":[\"https:\/\/www.machiweb.dominocom.lu\/de\/guthaben-kaufen\/\"]}]},{\"@type\":\"BreadcrumbList\",\"@id\":\"https:\/\/www.machiweb.dominocom.lu\/de\/guthaben-kaufen\/#breadcrumb\",\"itemListElement\":[{\"@type\":\"ListItem\",\"position\":1,\"name\":\"Accueil\",\"item\":\"https:\/\/www.machiweb.dominocom.lu\/de\/\"},{\"@type\":\"ListItem\",\"position\":2,\"name\":\"Guthaben kaufen\"}]},{\"@type\":\"WebSite\",\"@id\":\"https:\/\/www.machiweb.dominocom.lu\/de\/#website\",\"url\":\"https:\/\/www.machiweb.dominocom.lu\/de\/\",\"name\":\"MachiWeb\",\"description\":\"le site de petites annonces de mat\u00e9riel agricole\",\"publisher\":{\"@id\":\"https:\/\/www.machiweb.dominocom.lu\/de\/#organization\"},\"potentialAction\":[{\"@type\":\"SearchAction\",\"target\":{\"@type\":\"EntryPoint\",\"urlTemplate\":\"https:\/\/www.machiweb.dominocom.lu\/de\/?s={search_term_string}\"},\"query-input\":\"required name=search_term_string\"}],\"inLanguage\":\"de\"},{\"@type\":\"Organization\",\"@id\":\"https:\/\/www.machiweb.dominocom.lu\/de\/#organization\",\"name\":\"MachiWeb\",\"url\":\"https:\/\/www.machiweb.dominocom.lu\/de\/\",\"logo\":{\"@type\":\"ImageObject\",\"inLanguage\":\"de\",\"@id\":\"https:\/\/www.machiweb.dominocom.lu\/de\/#\/schema\/logo\/image\/\",\"url\":\"https:\/\/www.machiweb.dominocom.lu\/wp-content\/uploads\/2022\/07\/cropped-logo-machiweb-website-1.png\",\"contentUrl\":\"https:\/\/www.machiweb.dominocom.lu\/wp-content\/uploads\/2022\/07\/cropped-logo-machiweb-website-1.png\",\"width\":1000,\"height\":185,\"caption\":\"MachiWeb\"},\"image\":{\"@id\":\"https:\/\/www.machiweb.dominocom.lu\/de\/#\/schema\/logo\/image\/\"}}]}<\/script>\n<!-- \/ Yoast SEO plugin. -->","yoast_head_json":{"title":"Guthaben kaufen - MachiWeb","robots":{"index":"noindex","follow":"follow","max-snippet":"max-snippet:-1","max-image-preview":"max-image-preview:large","max-video-preview":"max-video-preview:-1"},"og_locale":"de_DE","og_type":"article","og_title":"Guthaben kaufen - MachiWeb","og_description":"Mein Profil verwalten Guthaben kaufen Auftr\u00e4ge Downloads Adressen Kontodetails Ausloggen Guthaben kaufen Auftr\u00e4ge Downloads Adressen Kontodetails Ausloggen Guthaben kaufen Auftr\u00e4ge Downloads Adressen Kontodetails Ausloggen Guthaben kaufen Auftr\u00e4ge Downloads Adressen Kontodetails Ausloggen Guthaben kaufen Auftr\u00e4ge Downloads Adressen Kontodetails Ausloggen Guthaben kaufen Auftr\u00e4ge Downloads Adressen Kontodetails Ausloggen Bonjour JM (vous n\u2019\u00eates pas JM\u00a0? D\u00e9connexion) \u00c0 partir du &hellip; Guthaben kaufen Weiterlesen &raquo;","og_url":"https:\/\/www.machiweb.dominocom.lu\/de\/guthaben-kaufen\/","og_site_name":"MachiWeb","article_modified_time":"2022-07-19T09:31:05+00:00","twitter_card":"summary_large_image","twitter_misc":{"Gesch\u00e4tzte Lesezeit":"1\u00a0Minute"},"schema":{"@context":"https:\/\/schema.org","@graph":[{"@type":"WebPage","@id":"https:\/\/www.machiweb.dominocom.lu\/de\/guthaben-kaufen\/","url":"https:\/\/www.machiweb.dominocom.lu\/de\/guthaben-kaufen\/","name":"Guthaben kaufen - MachiWeb","isPartOf":{"@id":"https:\/\/www.machiweb.dominocom.lu\/de\/#website"},"datePublished":"2022-01-14T07:56:24+00:00","dateModified":"2022-07-19T09:31:05+00:00","breadcrumb":{"@id":"https:\/\/www.machiweb.dominocom.lu\/de\/guthaben-kaufen\/#breadcrumb"},"inLanguage":"de","potentialAction":[{"@type":"ReadAction","target":["https:\/\/www.machiweb.dominocom.lu\/de\/guthaben-kaufen\/"]}]},{"@type":"BreadcrumbList","@id":"https:\/\/www.machiweb.dominocom.lu\/de\/guthaben-kaufen\/#breadcrumb","itemListElement":[{"@type":"ListItem","position":1,"name":"Accueil","item":"https:\/\/www.machiweb.dominocom.lu\/de\/"},{"@type":"ListItem","position":2,"name":"Guthaben kaufen"}]},{"@type":"WebSite","@id":"https:\/\/www.machiweb.dominocom.lu\/de\/#website","url":"https:\/\/www.machiweb.dominocom.lu\/de\/","name":"MachiWeb","description":"le site de petites annonces de mat\u00e9riel agricole","publisher":{"@id":"https:\/\/www.machiweb.dominocom.lu\/de\/#organization"},"potentialAction":[{"@type":"SearchAction","target":{"@type":"EntryPoint","urlTemplate":"https:\/\/www.machiweb.dominocom.lu\/de\/?s={search_term_string}"},"query-input":"required name=search_term_string"}],"inLanguage":"de"},{"@type":"Organization","@id":"https:\/\/www.machiweb.dominocom.lu\/de\/#organization","name":"MachiWeb","url":"https:\/\/www.machiweb.dominocom.lu\/de\/","logo":{"@type":"ImageObject","inLanguage":"de","@id":"https:\/\/www.machiweb.dominocom.lu\/de\/#\/schema\/logo\/image\/","url":"https:\/\/www.machiweb.dominocom.lu\/wp-content\/uploads\/2022\/07\/cropped-logo-machiweb-website-1.png","contentUrl":"https:\/\/www.machiweb.dominocom.lu\/wp-content\/uploads\/2022\/07\/cropped-logo-machiweb-website-1.png","width":1000,"height":185,"caption":"MachiWeb"},"image":{"@id":"https:\/\/www.machiweb.dominocom.lu\/de\/#\/schema\/logo\/image\/"}}]}},"_links":{"self":[{"href":"https:\/\/www.machiweb.dominocom.lu\/de\/wp-json\/wp\/v2\/pages\/8336"}],"collection":[{"href":"https:\/\/www.machiweb.dominocom.lu\/de\/wp-json\/wp\/v2\/pages"}],"about":[{"href":"https:\/\/www.machiweb.dominocom.lu\/de\/wp-json\/wp\/v2\/types\/page"}],"author":[{"embeddable":true,"href":"https:\/\/www.machiweb.dominocom.lu\/de\/wp-json\/wp\/v2\/users\/1"}],"replies":[{"embeddable":true,"href":"https:\/\/www.machiweb.dominocom.lu\/de\/wp-json\/wp\/v2\/comments?post=8336"}],"version-history":[{"count":10,"href":"https:\/\/www.machiweb.dominocom.lu\/de\/wp-json\/wp\/v2\/pages\/8336\/revisions"}],"predecessor-version":[{"id":10707,"href":"https:\/\/www.machiweb.dominocom.lu\/de\/wp-json\/wp\/v2\/pages\/8336\/revisions\/10707"}],"wp:featuredmedia":[{"embeddable":true,"href":"https:\/\/www.machiweb.dominocom.lu\/de\/wp-json\/wp\/v2\/media\/4681"}],"wp:attachment":[{"href":"https:\/\/www.machiweb.dominocom.lu\/de\/wp-json\/wp\/v2\/media?parent=8336"}],"curies":[{"name":"wp","href":"https:\/\/api.w.org\/{rel}","templated":true}]}}